{"id":2,"date":"2013-05-16T22:49:07","date_gmt":"2013-05-16T19:49:07","guid":{"rendered":"http:\/\/www.nevastone.com\/?page_id=2"},"modified":"2013-05-17T02:45:29","modified_gmt":"2013-05-16T23:45:29","slug":"sample-page","status":"publish","type":"page","link":"http:\/\/www.nevastone.com\/","title":{"rendered":"Hakk\u0131m\u0131zda"},"content":{"rendered":"<p><strong>Biz kimiz?<\/strong><br \/>\n20 y\u0131ld\u0131r i\u00e7 ve d\u0131\u015f mekanlarda ta\u015f uygulama ve dan\u0131\u015fmanl\u0131k hizmeti veren ekiplerin bir araya gelmesi ile olu\u015fan bir deneyim k\u00fcp\u00fcy\u00fcz.<br \/>\n\u00c7ok \u00e7al\u0131\u015fkan\u0131z, gerekli malzeme ve ta\u015flar nerede olursa bulur, sunar\u0131z.<br \/>\nKurumsal\u0131z, yani telefonlar\u0131m\u0131z kapanmaz, sizden \u00f6nemli i\u015fimiz yoktur, her s\u00f6z\u00fcm\u00fcz yaz\u0131l\u0131 ve nettir.<br \/>\nAra\u015ft\u0131rmac\u0131y\u0131z, geli\u015fen sekt\u00f6r\u00fcn yeniliklerine ayak uydurur, geri kalmay\u0131z<br \/>\n<strong> <\/strong><\/p>\n<p><strong>Size nas\u0131l yard\u0131mc\u0131 olabiliriz?<\/strong><br \/>\nMimari projeden ba\u015flayarak ta\u015flar\u0131n her \u00f6zelli\u011fini d\u00fc\u015f\u00fcnerek uygun ta\u015flar\u0131 bulur sunar\u0131z.<br \/>\nAlternatifler de \u00f6neririz.<br \/>\nTitizlikle ve hatas\u0131z uygular\u0131z.<\/p>\n<p><strong> Neden farkl\u0131y\u0131z?<\/strong><br \/>\nH\u0131zl\u0131 ve \u00e7\u00f6z\u00fcm odakl\u0131y\u0131z.<br \/>\nUygulama esnas\u0131nda olu\u015fabilecek hatalar\u0131 \u00f6ng\u00f6rebilir, \u00f6nlemini al\u0131r\u0131z.<br \/>\nTeknik veriler ve dok\u00fcmanlarla \u00e7al\u0131\u015fmay\u0131 severiz, risk almaz ve ald\u0131rmay\u0131z.<br \/>\nGerek T\u00fcrkiye gerekse t\u00fcm di\u011fer d\u00fcnya ta\u015flar\u0131n\u0131 \u00e7ok iyi tan\u0131r\u0131z.<br \/>\nB\u00fcy\u00fck ve \u00f6nemli projelerde bizim de imzam\u0131z var.<br \/>\nPeyzaj uygulamalar\u0131nda deneyimliyiz.<br \/>\nYe\u015fil bina uygulamalar\u0131nda deneyimliyiz.<br \/>\nYard\u0131msever ekibimizle \u015fantiyenizi daha verimli hale getiririz.<\/p>\n<p>Referans, bilgi ve teklif istekleriniz i\u00e7in: 0533 5569358 \u00d6mer B\u00fcy\u00fckav\u015far veya <a href=\"mailto:omer@nevastone.com\">omer@nevastone.com<\/a><\/p>\n","protected":false},"excerpt":{"rendered":"<p>Biz kimiz? 20 y\u0131ld\u0131r i\u00e7 ve d\u0131\u015f mekanlarda ta\u015f uygulama ve dan\u0131\u015fmanl\u0131k hizmeti veren ekiplerin bir araya gelmesi ile olu\u015fan bir deneyim k\u00fcp\u00fcy\u00fcz. \u00c7ok \u00e7al\u0131\u015fkan\u0131z, gerekli malzeme ve ta\u015flar nerede olursa bulur, sunar\u0131z. Kurumsal\u0131z, yani telefonlar\u0131m\u0131z kapanmaz, sizden \u00f6nemli i\u015fimiz yoktur, her s\u00f6z\u00fcm\u00fcz yaz\u0131l\u0131 ve nettir. Ara\u015ft\u0131rmac\u0131y\u0131z, geli\u015fen sekt\u00f6r\u00fcn yeniliklerine ayak uydurur, geri kalmay\u0131z Size [&hellip;]<\/p>\n","protected":false},"author":1,"featured_media":0,"parent":0,"menu_order":0,"comment_status":"closed","ping_status":"closed","template":"","meta":{"footnotes":""},"class_list":["post-2","page","type-page","status-publish","hentry"],"_links":{"self":[{"href":"http:\/\/www.nevastone.com\/index.php?rest_route=\/wp\/v2\/pages\/2","targetHints":{"allow":["GET"]}}],"collection":[{"href":"http:\/\/www.nevastone.com\/index.php?rest_route=\/wp\/v2\/pages"}],"about":[{"href":"http:\/\/www.nevastone.com\/index.php?rest_route=\/wp\/v2\/types\/page"}],"author":[{"embeddable":true,"href":"http:\/\/www.nevastone.com\/index.php?rest_route=\/wp\/v2\/users\/1"}],"replies":[{"embeddable":true,"href":"http:\/\/www.nevastone.com\/index.php?rest_route=%2Fwp%2Fv2%2Fcomments&post=2"}],"version-history":[{"count":7,"href":"http:\/\/www.nevastone.com\/index.php?rest_route=\/wp\/v2\/pages\/2\/revisions"}],"predecessor-version":[{"id":19,"href":"http:\/\/www.nevastone.com\/index.php?rest_route=\/wp\/v2\/pages\/2\/revisions\/19"}],"wp:attachment":[{"href":"http:\/\/www.nevastone.com\/index.php?rest_route=%2Fwp%2Fv2%2Fmedia&parent=2"}],"curies":[{"name":"wp","href":"https:\/\/api.w.org\/{rel}","templated":true}]}}